{"id":11,"date":"2023-11-22T10:49:43","date_gmt":"2023-11-22T10:49:43","guid":{"rendered":"https:\/\/iptvsmarterspro.info\/my-account\/"},"modified":"2024-03-13T22:27:06","modified_gmt":"2024-03-13T22:27:06","slug":"my-account","status":"publish","type":"page","link":"https:\/\/iptvsmarterspro.info\/iptv-france\/my-account\/","title":{"rendered":"My account"},"content":{"rendered":"\t\t<div data-elementor-type=\"wp-page\" data-elementor-id=\"11\" class=\"elementor elementor-11\" data-elementor-post-type=\"page\">\n\t\t\t\t<div class=\"elementor-element elementor-element-45777150 e-flex e-con-boxed e-con e-parent\" data-id=\"45777150\" data-element_type=\"container\" data-e-type=\"container\">\n\t\t\t\t\t<div class=\"e-con-inner\">\n\t\t\t\t<div class=\"elementor-element elementor-element-76fd608 e-my-account-tabs-vertical elementor-widget elementor-widget-woocommerce-my-account\" data-id=\"76fd608\" data-element_type=\"widget\" data-e-type=\"widget\" data-widget_type=\"woocommerce-my-account.default\">\n\t\t\t\t<div class=\"elementor-widget-container\">\n\t\t\t\t\t<div class=\"e-my-account-tab e-my-account-tab__ \">\t\t\t<div class=\"woocommerce\"><\/div>\t\t<\/div>\n\t\t\t\t\t\t<\/div>\n\t\t\t\t<\/div>\n\t\t\t\t\t<\/div>\n\t\t\t\t<\/div>\n\t\t\t\t<\/div>\n\t\t","protected":false},"excerpt":{"rendered":"<p>Dashboard Orders Downloads Addresses Account Details Logout Bonjour ayoub (vous n\u2019\u00eates pas ayoub\u00a0? D\u00e9connexion) \u00c0 partir du tableau de bord de votre compte, vous pouvez visualiser vos commandes r\u00e9centes, g\u00e9rer vos adresses de livraison et de facturation ainsi que changer votre mot de passe et les d\u00e9tails de votre compte.<\/p>\n","protected":false},"author":4,"featured_media":0,"parent":0,"menu_order":0,"comment_status":"closed","ping_status":"closed","template":"","meta":{"footnotes":""},"class_list":["post-11","page","type-page","status-publish","hentry"],"yoast_head":"<!-- This site is optimized with the Yoast SEO plugin v27.3 - https:\/\/yoast.com\/product\/yoast-seo-wordpress\/ -->\n<title>My account - SMARTERS PRO<\/title>\n<meta name=\"robots\" content=\"index, follow, max-snippet:-1, max-image-preview:large, max-video-preview:-1\" \/>\n<link rel=\"canonical\" href=\"https:\/\/iptvsmarterspro.info\/iptv-france\/my-account\/\" \/>\n<meta property=\"og:locale\" content=\"fr_FR\" \/>\n<meta property=\"og:type\" content=\"article\" \/>\n<meta property=\"og:title\" content=\"My account - SMARTERS PRO\" \/>\n<meta property=\"og:description\" content=\"Dashboard Orders Downloads Addresses Account Details Logout Bonjour ayoub (vous n\u2019\u00eates pas ayoub\u00a0? D\u00e9connexion) \u00c0 partir du tableau de bord de votre compte, vous pouvez visualiser vos commandes r\u00e9centes, g\u00e9rer vos adresses de livraison et de facturation ainsi que changer votre mot de passe et les d\u00e9tails de votre compte.\" \/>\n<meta property=\"og:url\" content=\"https:\/\/iptvsmarterspro.info\/iptv-france\/my-account\/\" \/>\n<meta property=\"og:site_name\" content=\"SMARTERS PRO\" \/>\n<meta property=\"article:modified_time\" content=\"2024-03-13T22:27:06+00:00\" \/>\n<meta name=\"twitter:card\" content=\"summary_large_image\" \/>\n<script type=\"application\/ld+json\" class=\"yoast-schema-graph\">{\"@context\":\"https:\\\/\\\/schema.org\",\"@graph\":[{\"@type\":\"WebPage\",\"@id\":\"https:\\\/\\\/iptvsmarterspro.info\\\/iptv-france\\\/my-account\\\/\",\"url\":\"https:\\\/\\\/iptvsmarterspro.info\\\/iptv-france\\\/my-account\\\/\",\"name\":\"My account - SMARTERS PRO\",\"isPartOf\":{\"@id\":\"https:\\\/\\\/iptvsmarterspro.info\\\/iptv-france\\\/#website\"},\"datePublished\":\"2023-11-22T10:49:43+00:00\",\"dateModified\":\"2024-03-13T22:27:06+00:00\",\"breadcrumb\":{\"@id\":\"https:\\\/\\\/iptvsmarterspro.info\\\/iptv-france\\\/my-account\\\/#breadcrumb\"},\"inLanguage\":\"fr-FR\",\"potentialAction\":[{\"@type\":\"ReadAction\",\"target\":[\"https:\\\/\\\/iptvsmarterspro.info\\\/iptv-france\\\/my-account\\\/\"]}]},{\"@type\":\"BreadcrumbList\",\"@id\":\"https:\\\/\\\/iptvsmarterspro.info\\\/iptv-france\\\/my-account\\\/#breadcrumb\",\"itemListElement\":[{\"@type\":\"ListItem\",\"position\":1,\"name\":\"Accueil\",\"item\":\"https:\\\/\\\/iptvsmarterspro.info\\\/iptv-france\\\/\"},{\"@type\":\"ListItem\",\"position\":2,\"name\":\"My account\"}]},{\"@type\":\"WebSite\",\"@id\":\"https:\\\/\\\/iptvsmarterspro.info\\\/iptv-france\\\/#website\",\"url\":\"https:\\\/\\\/iptvsmarterspro.info\\\/iptv-france\\\/\",\"name\":\"IPTV SMARTERS PRO\",\"description\":\"IPTV Smarters\u00ae Site Officiel - Abonnement IPTV Smarters Pro\",\"publisher\":{\"@id\":\"https:\\\/\\\/iptvsmarterspro.info\\\/iptv-france\\\/#organization\"},\"potentialAction\":[{\"@type\":\"SearchAction\",\"target\":{\"@type\":\"EntryPoint\",\"urlTemplate\":\"https:\\\/\\\/iptvsmarterspro.info\\\/iptv-france\\\/?s={search_term_string}\"},\"query-input\":{\"@type\":\"PropertyValueSpecification\",\"valueRequired\":true,\"valueName\":\"search_term_string\"}}],\"inLanguage\":\"fr-FR\"},{\"@type\":\"Organization\",\"@id\":\"https:\\\/\\\/iptvsmarterspro.info\\\/iptv-france\\\/#organization\",\"name\":\"IPTV SMARTERS PRO\",\"url\":\"https:\\\/\\\/iptvsmarterspro.info\\\/iptv-france\\\/\",\"logo\":{\"@type\":\"ImageObject\",\"inLanguage\":\"fr-FR\",\"@id\":\"https:\\\/\\\/iptvsmarterspro.info\\\/iptv-france\\\/#\\\/schema\\\/logo\\\/image\\\/\",\"url\":\"https:\\\/\\\/iptvsmarterspro.info\\\/wp-content\\\/uploads\\\/2024\\\/07\\\/IPTV-Smarters-Pro-Logo.webp\",\"contentUrl\":\"https:\\\/\\\/iptvsmarterspro.info\\\/wp-content\\\/uploads\\\/2024\\\/07\\\/IPTV-Smarters-Pro-Logo.webp\",\"width\":512,\"height\":512,\"caption\":\"IPTV SMARTERS PRO\"},\"image\":{\"@id\":\"https:\\\/\\\/iptvsmarterspro.info\\\/iptv-france\\\/#\\\/schema\\\/logo\\\/image\\\/\"}}]}<\/script>\n<!-- \/ Yoast SEO plugin. -->","yoast_head_json":{"title":"My account - SMARTERS PRO","robots":{"index":"index","follow":"follow","max-snippet":"max-snippet:-1","max-image-preview":"max-image-preview:large","max-video-preview":"max-video-preview:-1"},"canonical":"https:\/\/iptvsmarterspro.info\/iptv-france\/my-account\/","og_locale":"fr_FR","og_type":"article","og_title":"My account - SMARTERS PRO","og_description":"Dashboard Orders Downloads Addresses Account Details Logout Bonjour ayoub (vous n\u2019\u00eates pas ayoub\u00a0? D\u00e9connexion) \u00c0 partir du tableau de bord de votre compte, vous pouvez visualiser vos commandes r\u00e9centes, g\u00e9rer vos adresses de livraison et de facturation ainsi que changer votre mot de passe et les d\u00e9tails de votre compte.","og_url":"https:\/\/iptvsmarterspro.info\/iptv-france\/my-account\/","og_site_name":"SMARTERS PRO","article_modified_time":"2024-03-13T22:27:06+00:00","twitter_card":"summary_large_image","schema":{"@context":"https:\/\/schema.org","@graph":[{"@type":"WebPage","@id":"https:\/\/iptvsmarterspro.info\/iptv-france\/my-account\/","url":"https:\/\/iptvsmarterspro.info\/iptv-france\/my-account\/","name":"My account - SMARTERS PRO","isPartOf":{"@id":"https:\/\/iptvsmarterspro.info\/iptv-france\/#website"},"datePublished":"2023-11-22T10:49:43+00:00","dateModified":"2024-03-13T22:27:06+00:00","breadcrumb":{"@id":"https:\/\/iptvsmarterspro.info\/iptv-france\/my-account\/#breadcrumb"},"inLanguage":"fr-FR","potentialAction":[{"@type":"ReadAction","target":["https:\/\/iptvsmarterspro.info\/iptv-france\/my-account\/"]}]},{"@type":"BreadcrumbList","@id":"https:\/\/iptvsmarterspro.info\/iptv-france\/my-account\/#breadcrumb","itemListElement":[{"@type":"ListItem","position":1,"name":"Accueil","item":"https:\/\/iptvsmarterspro.info\/iptv-france\/"},{"@type":"ListItem","position":2,"name":"My account"}]},{"@type":"WebSite","@id":"https:\/\/iptvsmarterspro.info\/iptv-france\/#website","url":"https:\/\/iptvsmarterspro.info\/iptv-france\/","name":"IPTV SMARTERS PRO","description":"IPTV Smarters\u00ae Site Officiel - Abonnement IPTV Smarters Pro","publisher":{"@id":"https:\/\/iptvsmarterspro.info\/iptv-france\/#organization"},"potentialAction":[{"@type":"SearchAction","target":{"@type":"EntryPoint","urlTemplate":"https:\/\/iptvsmarterspro.info\/iptv-france\/?s={search_term_string}"},"query-input":{"@type":"PropertyValueSpecification","valueRequired":true,"valueName":"search_term_string"}}],"inLanguage":"fr-FR"},{"@type":"Organization","@id":"https:\/\/iptvsmarterspro.info\/iptv-france\/#organization","name":"IPTV SMARTERS PRO","url":"https:\/\/iptvsmarterspro.info\/iptv-france\/","logo":{"@type":"ImageObject","inLanguage":"fr-FR","@id":"https:\/\/iptvsmarterspro.info\/iptv-france\/#\/schema\/logo\/image\/","url":"https:\/\/iptvsmarterspro.info\/wp-content\/uploads\/2024\/07\/IPTV-Smarters-Pro-Logo.webp","contentUrl":"https:\/\/iptvsmarterspro.info\/wp-content\/uploads\/2024\/07\/IPTV-Smarters-Pro-Logo.webp","width":512,"height":512,"caption":"IPTV SMARTERS PRO"},"image":{"@id":"https:\/\/iptvsmarterspro.info\/iptv-france\/#\/schema\/logo\/image\/"}}]}},"_links":{"self":[{"href":"https:\/\/iptvsmarterspro.info\/iptv-france\/wp-json\/wp\/v2\/pages\/11","targetHints":{"allow":["GET"]}}],"collection":[{"href":"https:\/\/iptvsmarterspro.info\/iptv-france\/wp-json\/wp\/v2\/pages"}],"about":[{"href":"https:\/\/iptvsmarterspro.info\/iptv-france\/wp-json\/wp\/v2\/types\/page"}],"author":[{"embeddable":true,"href":"https:\/\/iptvsmarterspro.info\/iptv-france\/wp-json\/wp\/v2\/users\/4"}],"replies":[{"embeddable":true,"href":"https:\/\/iptvsmarterspro.info\/iptv-france\/wp-json\/wp\/v2\/comments?post=11"}],"version-history":[{"count":0,"href":"https:\/\/iptvsmarterspro.info\/iptv-france\/wp-json\/wp\/v2\/pages\/11\/revisions"}],"wp:attachment":[{"href":"https:\/\/iptvsmarterspro.info\/iptv-france\/wp-json\/wp\/v2\/media?parent=11"}],"curies":[{"name":"wp","href":"https:\/\/api.w.org\/{rel}","templated":true}]}}