{"id":1291,"date":"2024-06-09T06:59:58","date_gmt":"2024-06-09T05:59:58","guid":{"rendered":"https:\/\/iptvsmarterspro.info\/?page_id=1291"},"modified":"2024-06-22T12:50:03","modified_gmt":"2024-06-22T11:50:03","slug":"smarters-pro-contact","status":"publish","type":"page","link":"https:\/\/iptvsmarterspro.info\/iptv-france\/smarters-pro-contact\/","title":{"rendered":"SMARTERS PRO CONTACT"},"content":{"rendered":"\t\t<div data-elementor-type=\"wp-page\" data-elementor-id=\"1291\" class=\"elementor elementor-1291\" data-elementor-post-type=\"page\">\n\t\t\t\t<div class=\"elementor-element elementor-element-6d85e94 e-flex e-con-boxed e-con e-parent\" data-id=\"6d85e94\" data-element_type=\"container\" data-e-type=\"container\">\n\t\t\t\t\t<div class=\"e-con-inner\">\n\t\t\t\t<div class=\"elementor-element elementor-element-9c74745 elementor-widget elementor-widget-text-editor\" data-id=\"9c74745\" data-element_type=\"widget\" data-e-type=\"widget\" data-widget_type=\"text-editor.default\">\n\t\t\t\t<div class=\"elementor-widget-container\">\n\t\t\t\t\t\t\t\t\t<h2><strong>SMARTERS PRO CONTACT<\/strong><\/h2><div class=\"text-center\"><div class=\"is-divider divider clearfix\">\u00a0<\/div><\/div><p class=\"lead\">IPTV SMARTERS PRO\u00a0 r\u00e9pondons g\u00e9n\u00e9ralement dans moins de 24 heures, veuillez s\u2019il vous plait mentionner le num\u00e9ro de commande, votre type d\u2019appareil, et application utilis\u00e9e, pour qu\u2019on puisse \u00eatre plus efficaces. merci d\u2019avoir confiance a nous.<\/p><p>contactez nous ici :<\/p><p>Email:\u00a0qhdtvpaiement@gmail.com<br \/>Whatsapp : +212 675-707013<\/p>\t\t\t\t\t\t\t\t<\/div>\n\t\t\t\t<\/div>\n\t\t\t\t\t<\/div>\n\t\t\t\t<\/div>\n\t\t\t\t<\/div>\n\t\t","protected":false},"excerpt":{"rendered":"<p>SMARTERS PRO CONTACT \u00a0 IPTV SMARTERS PRO\u00a0 r\u00e9pondons g\u00e9n\u00e9ralement dans moins de 24 heures, veuillez s\u2019il vous plait mentionner le num\u00e9ro de commande, votre type d\u2019appareil, et application utilis\u00e9e, pour qu\u2019on puisse \u00eatre plus efficaces. merci d\u2019avoir confiance a nous. contactez nous ici : Email:\u00a0qhdtvpaiement@gmail.comWhatsapp : +212 675-707013<\/p>\n","protected":false},"author":4,"featured_media":0,"parent":0,"menu_order":0,"comment_status":"closed","ping_status":"closed","template":"elementor_header_footer","meta":{"footnotes":""},"class_list":["post-1291","page","type-page","status-publish","hentry"],"yoast_head":"<!-- This site is optimized with the Yoast SEO plugin v27.3 - https:\/\/yoast.com\/product\/yoast-seo-wordpress\/ -->\n<title>SMARTERS PRO CONTACT - SMARTERS PRO<\/title>\n<meta name=\"robots\" content=\"index, follow, max-snippet:-1, max-image-preview:large, max-video-preview:-1\" \/>\n<link rel=\"canonical\" href=\"https:\/\/iptvsmarterspro.info\/iptv-france\/smarters-pro-contact\/\" \/>\n<meta property=\"og:locale\" content=\"fr_FR\" \/>\n<meta property=\"og:type\" content=\"article\" \/>\n<meta property=\"og:title\" content=\"SMARTERS PRO CONTACT - SMARTERS PRO\" \/>\n<meta property=\"og:description\" content=\"SMARTERS PRO CONTACT \u00a0 IPTV SMARTERS PRO\u00a0 r\u00e9pondons g\u00e9n\u00e9ralement dans moins de 24 heures, veuillez s\u2019il vous plait mentionner le num\u00e9ro de commande, votre type d\u2019appareil, et application utilis\u00e9e, pour qu\u2019on puisse \u00eatre plus efficaces. merci d\u2019avoir confiance a nous. contactez nous ici : Email:\u00a0qhdtvpaiement@gmail.comWhatsapp : +212 675-707013\" \/>\n<meta property=\"og:url\" content=\"https:\/\/iptvsmarterspro.info\/iptv-france\/smarters-pro-contact\/\" \/>\n<meta property=\"og:site_name\" content=\"SMARTERS PRO\" \/>\n<meta property=\"article:modified_time\" content=\"2024-06-22T11:50:03+00:00\" \/>\n<meta name=\"twitter:card\" content=\"summary_large_image\" \/>\n<meta name=\"twitter:label1\" content=\"Dur\u00e9e de lecture estim\u00e9e\" \/>\n\t<meta name=\"twitter:data1\" content=\"1 minute\" \/>\n<script type=\"application\/ld+json\" class=\"yoast-schema-graph\">{\"@context\":\"https:\\\/\\\/schema.org\",\"@graph\":[{\"@type\":\"WebPage\",\"@id\":\"https:\\\/\\\/iptvsmarterspro.info\\\/iptv-france\\\/smarters-pro-contact\\\/\",\"url\":\"https:\\\/\\\/iptvsmarterspro.info\\\/iptv-france\\\/smarters-pro-contact\\\/\",\"name\":\"SMARTERS PRO CONTACT - SMARTERS PRO\",\"isPartOf\":{\"@id\":\"https:\\\/\\\/iptvsmarterspro.info\\\/iptv-france\\\/#website\"},\"datePublished\":\"2024-06-09T05:59:58+00:00\",\"dateModified\":\"2024-06-22T11:50:03+00:00\",\"breadcrumb\":{\"@id\":\"https:\\\/\\\/iptvsmarterspro.info\\\/iptv-france\\\/smarters-pro-contact\\\/#breadcrumb\"},\"inLanguage\":\"fr-FR\",\"potentialAction\":[{\"@type\":\"ReadAction\",\"target\":[\"https:\\\/\\\/iptvsmarterspro.info\\\/iptv-france\\\/smarters-pro-contact\\\/\"]}]},{\"@type\":\"BreadcrumbList\",\"@id\":\"https:\\\/\\\/iptvsmarterspro.info\\\/iptv-france\\\/smarters-pro-contact\\\/#breadcrumb\",\"itemListElement\":[{\"@type\":\"ListItem\",\"position\":1,\"name\":\"Accueil\",\"item\":\"https:\\\/\\\/iptvsmarterspro.info\\\/iptv-france\\\/\"},{\"@type\":\"ListItem\",\"position\":2,\"name\":\"SMARTERS PRO CONTACT\"}]},{\"@type\":\"WebSite\",\"@id\":\"https:\\\/\\\/iptvsmarterspro.info\\\/iptv-france\\\/#website\",\"url\":\"https:\\\/\\\/iptvsmarterspro.info\\\/iptv-france\\\/\",\"name\":\"IPTV SMARTERS PRO\",\"description\":\"IPTV Smarters\u00ae Site Officiel - Abonnement IPTV Smarters Pro\",\"publisher\":{\"@id\":\"https:\\\/\\\/iptvsmarterspro.info\\\/iptv-france\\\/#organization\"},\"potentialAction\":[{\"@type\":\"SearchAction\",\"target\":{\"@type\":\"EntryPoint\",\"urlTemplate\":\"https:\\\/\\\/iptvsmarterspro.info\\\/iptv-france\\\/?s={search_term_string}\"},\"query-input\":{\"@type\":\"PropertyValueSpecification\",\"valueRequired\":true,\"valueName\":\"search_term_string\"}}],\"inLanguage\":\"fr-FR\"},{\"@type\":\"Organization\",\"@id\":\"https:\\\/\\\/iptvsmarterspro.info\\\/iptv-france\\\/#organization\",\"name\":\"IPTV SMARTERS PRO\",\"url\":\"https:\\\/\\\/iptvsmarterspro.info\\\/iptv-france\\\/\",\"logo\":{\"@type\":\"ImageObject\",\"inLanguage\":\"fr-FR\",\"@id\":\"https:\\\/\\\/iptvsmarterspro.info\\\/iptv-france\\\/#\\\/schema\\\/logo\\\/image\\\/\",\"url\":\"https:\\\/\\\/iptvsmarterspro.info\\\/wp-content\\\/uploads\\\/2024\\\/07\\\/IPTV-Smarters-Pro-Logo.webp\",\"contentUrl\":\"https:\\\/\\\/iptvsmarterspro.info\\\/wp-content\\\/uploads\\\/2024\\\/07\\\/IPTV-Smarters-Pro-Logo.webp\",\"width\":512,\"height\":512,\"caption\":\"IPTV SMARTERS PRO\"},\"image\":{\"@id\":\"https:\\\/\\\/iptvsmarterspro.info\\\/iptv-france\\\/#\\\/schema\\\/logo\\\/image\\\/\"}}]}<\/script>\n<!-- \/ Yoast SEO plugin. -->","yoast_head_json":{"title":"SMARTERS PRO CONTACT - SMARTERS PRO","robots":{"index":"index","follow":"follow","max-snippet":"max-snippet:-1","max-image-preview":"max-image-preview:large","max-video-preview":"max-video-preview:-1"},"canonical":"https:\/\/iptvsmarterspro.info\/iptv-france\/smarters-pro-contact\/","og_locale":"fr_FR","og_type":"article","og_title":"SMARTERS PRO CONTACT - SMARTERS PRO","og_description":"SMARTERS PRO CONTACT \u00a0 IPTV SMARTERS PRO\u00a0 r\u00e9pondons g\u00e9n\u00e9ralement dans moins de 24 heures, veuillez s\u2019il vous plait mentionner le num\u00e9ro de commande, votre type d\u2019appareil, et application utilis\u00e9e, pour qu\u2019on puisse \u00eatre plus efficaces. merci d\u2019avoir confiance a nous. contactez nous ici : Email:\u00a0qhdtvpaiement@gmail.comWhatsapp : +212 675-707013","og_url":"https:\/\/iptvsmarterspro.info\/iptv-france\/smarters-pro-contact\/","og_site_name":"SMARTERS PRO","article_modified_time":"2024-06-22T11:50:03+00:00","twitter_card":"summary_large_image","twitter_misc":{"Dur\u00e9e de lecture estim\u00e9e":"1 minute"},"schema":{"@context":"https:\/\/schema.org","@graph":[{"@type":"WebPage","@id":"https:\/\/iptvsmarterspro.info\/iptv-france\/smarters-pro-contact\/","url":"https:\/\/iptvsmarterspro.info\/iptv-france\/smarters-pro-contact\/","name":"SMARTERS PRO CONTACT - SMARTERS PRO","isPartOf":{"@id":"https:\/\/iptvsmarterspro.info\/iptv-france\/#website"},"datePublished":"2024-06-09T05:59:58+00:00","dateModified":"2024-06-22T11:50:03+00:00","breadcrumb":{"@id":"https:\/\/iptvsmarterspro.info\/iptv-france\/smarters-pro-contact\/#breadcrumb"},"inLanguage":"fr-FR","potentialAction":[{"@type":"ReadAction","target":["https:\/\/iptvsmarterspro.info\/iptv-france\/smarters-pro-contact\/"]}]},{"@type":"BreadcrumbList","@id":"https:\/\/iptvsmarterspro.info\/iptv-france\/smarters-pro-contact\/#breadcrumb","itemListElement":[{"@type":"ListItem","position":1,"name":"Accueil","item":"https:\/\/iptvsmarterspro.info\/iptv-france\/"},{"@type":"ListItem","position":2,"name":"SMARTERS PRO CONTACT"}]},{"@type":"WebSite","@id":"https:\/\/iptvsmarterspro.info\/iptv-france\/#website","url":"https:\/\/iptvsmarterspro.info\/iptv-france\/","name":"IPTV SMARTERS PRO","description":"IPTV Smarters\u00ae Site Officiel - Abonnement IPTV Smarters Pro","publisher":{"@id":"https:\/\/iptvsmarterspro.info\/iptv-france\/#organization"},"potentialAction":[{"@type":"SearchAction","target":{"@type":"EntryPoint","urlTemplate":"https:\/\/iptvsmarterspro.info\/iptv-france\/?s={search_term_string}"},"query-input":{"@type":"PropertyValueSpecification","valueRequired":true,"valueName":"search_term_string"}}],"inLanguage":"fr-FR"},{"@type":"Organization","@id":"https:\/\/iptvsmarterspro.info\/iptv-france\/#organization","name":"IPTV SMARTERS PRO","url":"https:\/\/iptvsmarterspro.info\/iptv-france\/","logo":{"@type":"ImageObject","inLanguage":"fr-FR","@id":"https:\/\/iptvsmarterspro.info\/iptv-france\/#\/schema\/logo\/image\/","url":"https:\/\/iptvsmarterspro.info\/wp-content\/uploads\/2024\/07\/IPTV-Smarters-Pro-Logo.webp","contentUrl":"https:\/\/iptvsmarterspro.info\/wp-content\/uploads\/2024\/07\/IPTV-Smarters-Pro-Logo.webp","width":512,"height":512,"caption":"IPTV SMARTERS PRO"},"image":{"@id":"https:\/\/iptvsmarterspro.info\/iptv-france\/#\/schema\/logo\/image\/"}}]}},"_links":{"self":[{"href":"https:\/\/iptvsmarterspro.info\/iptv-france\/wp-json\/wp\/v2\/pages\/1291","targetHints":{"allow":["GET"]}}],"collection":[{"href":"https:\/\/iptvsmarterspro.info\/iptv-france\/wp-json\/wp\/v2\/pages"}],"about":[{"href":"https:\/\/iptvsmarterspro.info\/iptv-france\/wp-json\/wp\/v2\/types\/page"}],"author":[{"embeddable":true,"href":"https:\/\/iptvsmarterspro.info\/iptv-france\/wp-json\/wp\/v2\/users\/4"}],"replies":[{"embeddable":true,"href":"https:\/\/iptvsmarterspro.info\/iptv-france\/wp-json\/wp\/v2\/comments?post=1291"}],"version-history":[{"count":0,"href":"https:\/\/iptvsmarterspro.info\/iptv-france\/wp-json\/wp\/v2\/pages\/1291\/revisions"}],"wp:attachment":[{"href":"https:\/\/iptvsmarterspro.info\/iptv-france\/wp-json\/wp\/v2\/media?parent=1291"}],"curies":[{"name":"wp","href":"https:\/\/api.w.org\/{rel}","templated":true}]}}