{"id":1420,"date":"2024-03-14T15:08:27","date_gmt":"2024-03-14T15:08:27","guid":{"rendered":"https:\/\/iptvsmarterspro.info\/?post_type=product&#038;p=1420"},"modified":"2024-09-26T19:20:38","modified_gmt":"2024-09-26T18:20:38","slug":"iptv-smarters-pro-3-mois","status":"publish","type":"product","link":"https:\/\/iptvsmarterspro.info\/iptv-france\/product\/iptv-smarters-pro-3-mois\/","title":{"rendered":"IPTV Smarters Pro 3 Mois"},"content":{"rendered":"<h1 style=\"text-align: center;\">IPTV Smarters Pro 3 Mois<\/h1>\n<p>&nbsp;<\/p>\n<p><img fetchpriority=\"high\" decoding=\"async\" class=\"size-full wp-image-1338 aligncenter\" src=\"http:\/\/iptvsmarterspro.info\/wp-content\/uploads\/2024\/03\/iptv-smarters-pro-2.webp\" alt=\"iptv smarters pro\" width=\"1024\" height=\"576\" srcset=\"https:\/\/iptvsmarterspro.info\/wp-content\/uploads\/2024\/03\/iptv-smarters-pro-2.webp 1024w, https:\/\/iptvsmarterspro.info\/wp-content\/uploads\/2024\/03\/iptv-smarters-pro-2-300x169.webp 300w, https:\/\/iptvsmarterspro.info\/wp-content\/uploads\/2024\/03\/iptv-smarters-pro-2-768x432.webp 768w, https:\/\/iptvsmarterspro.info\/wp-content\/uploads\/2024\/03\/iptv-smarters-pro-2-600x338.webp 600w\" sizes=\"(max-width: 1024px) 100vw, 1024px\" \/><\/p>\n<p><strong>IPTV Smarters Pro <\/strong>\u00a0vous offre une large choix des cha\u00eenes de t\u00e9l\u00e9vision diffus\u00e9es a travers la nouvelle technologie de streaming OTT-P2P. qui vous donne l\u2019acc\u00e8s au plus des cha\u00eenes de qualit\u00e9 fhd 1080p, parmi les meilleures cha\u00eenes du monde. ainsi que des s\u00e9ries et des films \u00e0 la demande VOD, rassembl\u00e9s dans une immense biblioth\u00e8que des plusieur films et s\u00e9ries.<\/p>\n<p><strong>Smarters Pro<\/strong>\u00a0est actuellement le plus grand fournisseur de chaines IPTV en France, arabes et internationales sur le march\u00e9. propose toutes les chaines Fran\u00e7aises , Belges, Suisses, Italiennes, Allemandes et Arabes.<\/p>\n<h3><strong>Contenu de Pack Normal IPTV SMARTERS PRO :<\/strong><\/h3>\n<ul>\n<li>Une Playlist de\u00a0<strong>plus des 11000 cha\u00eenes internationales &amp; 23000 vid\u00e9os \u00e0 la demande <\/strong><strong>en Fran\u00e7ais<\/strong>\u00a0(Films, s\u00e9ries, documentaires,enfants, anime,sport \u2026etc) en HD et Full HD et\u00a0<strong>94 films en 4K<\/strong><\/li>\n<li><strong>Chaines disponibles:<\/strong>\u00a0France , Belgique, Suisse, Espagne, Portugal, Italie, Allemagne, Pays Bas, Roumanie, Albanie, Russie Arabe, UK , Latino, Tuquie, USA, Canada, Afrique, Inde, Pakistan<\/li>\n<li>EPG et Logos inclus<\/li>\n<li>Qualiter : Normal<\/li>\n<\/ul>\n<h3><strong>Contenu de Pack Normal Pro IPTV SMARTERS PRO :<\/strong><\/h3>\n<ul>\n<li>Une Playlist de\u00a0<strong>plus des 15000 cha\u00eenes internationales &amp; 50000 vid\u00e9os \u00e0 la demande <\/strong><strong>en Fran\u00e7ais<\/strong>\u00a0(Films, s\u00e9ries, documentaires,enfants, anime,sport \u2026etc) en HD et Full HD et\u00a0<strong>94 films en 4K<\/strong><\/li>\n<li><strong>Chaines disponibles:<\/strong> France , Belgique, Suisse, Espagne, Portugal, Italie, Allemagne, Pays Bas, Roumanie, Albanie, Russie Arabe, UK , Latino, Albania , Kosovo , Serbia , Croatia , Slovania , Bosnia , Macdonia ,Montenegro , Greece , Cyprus , Malta , Bulgraia ,Hungaria , Lithuania , Ukraine ,Georgie , New zealand , Australia , Hong kong , South korea , Philipennes , Vitenam , Thailand , Iran ,\u00a0 Tuquie, USA, Canada, Afrique, Inde, Pakistan<\/li>\n<li>EPG et Logos inclus<\/li>\n<li>Replay : 202 chaines<\/li>\n<li>Qualiter : <strong>Bien<\/strong><\/li>\n<\/ul>\n<h3><strong>Contenu de Pack Premium IPTV SMARTERS PRO :<\/strong><\/h3>\n<ul>\n<li>Une Playlist de\u00a0<strong>plus des 4500 cha\u00eenes internationales &amp; 45000 vid\u00e9os \u00e0 la demande <\/strong><strong>en Fran\u00e7ais<\/strong>\u00a0(Films, s\u00e9ries, documentaires,enfants, anime,sport \u2026etc) en HD et Full HD et\u00a0<strong>94 films en 4K<\/strong><\/li>\n<li><strong>Chaines disponibles:<\/strong> France , Belgique, Suisse, Espagne, Portugal, Italie, Allemagne, Pays Bas, Roumanie, Albanie, Russie Arabe, UK , Latino, Tuquie, USA, NFL , MLB TV , NBA , NHL , MLS , F1 &amp; MOTOGP, PPV&amp; BOX OFFICE Canada, Afrique, Inde, Pakistan<\/li>\n<li>EPG et Logos inclus<\/li>\n<li>Replay : 573 chaines<\/li>\n<li>Qualiter : <strong>Meilleur<\/strong><\/li>\n<\/ul>\n<h2><strong>POURQUOI <\/strong><strong>NOUS <\/strong><strong>CHOISIR ? :\u00a0<\/strong><\/h2>\n<h4><strong>01.\u00a0 LA QUALIT\u00c9 SD, HD, FHD et 4K<\/strong><\/h4>\n<p>La plupart de nos chaines smarters player sont diffus\u00e9es en plusieurs\u00a0<strong>qualit\u00e9s<\/strong>\u00a0permettant \u00e0 tout type de d\u00e9bits de pouvoir\u00a0<strong>profiter<\/strong> de leur abonnement,\u00a0SD, HD, FHD et 4K<em>.<\/em><\/p>\n<h4><strong>02. LIVE TV &amp; VOD<\/strong><\/h4>\n<p><strong>IPTV Smarters Pro <\/strong>\u00a0vous offre l\u2019acc\u00e8s \u00e0 environ\u00a0<strong> plusieur chaines<\/strong> de TV . Elle dispose d\u2019environ<strong>\u00a0VOD<\/strong>\u00a0incluant des films r\u00e9cent et des s\u00e9ries de toutes cat\u00e9gories\u00a0en\u00a0<strong>multilangue<\/strong>\u00a0( Arabe, francais, anglais et italien)<\/p>\n<h4><strong>04. TECHNOLOGIE SMARTERS PRO<\/strong><\/h4>\n<p>Nous voulons le meilleur pour nos clients, c\u2019est pourquoi nous \u00e9voluons toujours avec les\u00a0<strong>nouvelles technologies<\/strong>.<\/p>\n<h4><strong>05. SERVEURS\u00a0<\/strong><\/h4>\n<p>Nous disposons de plusieurs serveurs dans le\u00a0<strong>monde entier<\/strong>, soyez s\u00fbr d\u2019obtenir la connexion la meilleure, au plus pr\u00e8s de chez vous.<\/p>\n<h2><strong>IPTV SMARTERS PRO est compatible avec:<\/strong><\/h2>\n<ul>\n<li>\u00a0Les Smart TV Samsung &amp; LG (SMART IPTV, SSiptv,ROOM IPTV. IPTV STREAM PLAYER\u2026), Smart TV Sony Android, Apple TV .., les boitiers MAG, PC\/MAC, smartphones et Android TV Box ..<\/li>\n<li>Serveurs\u00a0<em>stable<\/em>, haute disponibilit\u00e9 pas de coupures (Load balancing)<\/li>\n<li>Meilleur prix et Assistance 7\/7<\/li>\n<\/ul>\n","protected":false},"excerpt":{"rendered":"<h6><!-- ####### YAY, I AM THE SOURCE EDITOR! #########--><\/h6>\n<h3><span style=\"color: #ffffff;\"><span style=\"font-family: helvetica, arial, sans-serif;\"><strong><span style=\"background-color: #f6ba60; font-size: 28px;\">Exp\u00e9dition imm\u00e9diate et rapide au m\u00eame moment de paiement!<\/span><\/strong><\/span><\/span><span style=\"font-family: helvetica, arial, sans-serif; color: #993399;\"><strong><br \/>\n<\/strong><\/span><\/h3>\n<h6><span style=\"font-family: 'courier new', courier, monospace; font-size: 16px;\">7 jours de retours faciles<\/span><\/h6>\n<h6><span style=\"font-family: 'courier new', courier, monospace; font-size: 16px;\">24\/7 customer service<\/span><\/h6>\n<h6><span style=\"font-family: 'courier new', courier, monospace; font-size: 16px;\"> Live chat support<\/span><\/h6>\n<h6><img decoding=\"async\" class=\"alignnone wp-image-29963 \" src=\"https:\/\/abonnement-iptv.fr\/wp-content\/uploads\/2021\/10\/trustbadge.png\" alt=\"\" width=\"850\" height=\"216\" \/><\/h6>\n","protected":false},"featured_media":1409,"comment_status":"open","ping_status":"closed","template":"","meta":[],"product_brand":[],"product_cat":[20],"product_tag":[],"class_list":{"0":"post-1420","1":"product","2":"type-product","3":"status-publish","4":"has-post-thumbnail","6":"product_cat-abonnement-12-mois","8":"first","9":"instock","10":"shipping-taxable","11":"purchasable","12":"product-type-variable"},"yoast_head":"<!-- This site is optimized with the Yoast SEO plugin v27.3 - https:\/\/yoast.com\/product\/yoast-seo-wordpress\/ -->\n<title>IPTV Smarters Pro 3 Mois - SMARTERS PRO<\/title>\n<meta name=\"robots\" content=\"index, follow, max-snippet:-1, max-image-preview:large, max-video-preview:-1\" \/>\n<link rel=\"canonical\" href=\"https:\/\/iptvsmarterspro.info\/iptv-france\/product\/iptv-smarters-pro-3-mois\/\" \/>\n<meta property=\"og:locale\" content=\"fr_FR\" \/>\n<meta property=\"og:type\" content=\"article\" \/>\n<meta property=\"og:title\" content=\"IPTV Smarters Pro 3 Mois - SMARTERS PRO\" \/>\n<meta property=\"og:description\" content=\"Exp\u00e9dition imm\u00e9diate et rapide au m\u00eame moment de paiement!  7 jours de retours faciles 24\/7 customer service  Live chat support\" \/>\n<meta property=\"og:url\" content=\"https:\/\/iptvsmarterspro.info\/iptv-france\/product\/iptv-smarters-pro-3-mois\/\" \/>\n<meta property=\"og:site_name\" content=\"SMARTERS PRO\" \/>\n<meta property=\"article:modified_time\" content=\"2024-09-26T18:20:38+00:00\" \/>\n<meta property=\"og:image\" content=\"https:\/\/iptvsmarterspro.info\/wp-content\/uploads\/2024\/03\/smarters-iptv-1-e1655306707274-1.webp\" \/>\n\t<meta property=\"og:image:width\" content=\"806\" \/>\n\t<meta property=\"og:image:height\" content=\"827\" \/>\n\t<meta property=\"og:image:type\" content=\"image\/webp\" \/>\n<meta name=\"twitter:card\" content=\"summary_large_image\" \/>\n<meta name=\"twitter:label1\" content=\"Dur\u00e9e de lecture estim\u00e9e\" \/>\n\t<meta name=\"twitter:data1\" content=\"3 minutes\" \/>\n<script type=\"application\/ld+json\" class=\"yoast-schema-graph\">{\"@context\":\"https:\\\/\\\/schema.org\",\"@graph\":[{\"@type\":\"WebPage\",\"@id\":\"https:\\\/\\\/iptvsmarterspro.info\\\/iptv-france\\\/product\\\/iptv-smarters-pro-3-mois\\\/\",\"url\":\"https:\\\/\\\/iptvsmarterspro.info\\\/iptv-france\\\/product\\\/iptv-smarters-pro-3-mois\\\/\",\"name\":\"IPTV Smarters Pro 3 Mois - SMARTERS PRO\",\"isPartOf\":{\"@id\":\"https:\\\/\\\/iptvsmarterspro.info\\\/iptv-france\\\/#website\"},\"primaryImageOfPage\":{\"@id\":\"https:\\\/\\\/iptvsmarterspro.info\\\/iptv-france\\\/product\\\/iptv-smarters-pro-3-mois\\\/#primaryimage\"},\"image\":{\"@id\":\"https:\\\/\\\/iptvsmarterspro.info\\\/iptv-france\\\/product\\\/iptv-smarters-pro-3-mois\\\/#primaryimage\"},\"thumbnailUrl\":\"https:\\\/\\\/iptvsmarterspro.info\\\/wp-content\\\/uploads\\\/2024\\\/03\\\/smarters-iptv-1-e1655306707274-1.webp\",\"datePublished\":\"2024-03-14T15:08:27+00:00\",\"dateModified\":\"2024-09-26T18:20:38+00:00\",\"breadcrumb\":{\"@id\":\"https:\\\/\\\/iptvsmarterspro.info\\\/iptv-france\\\/product\\\/iptv-smarters-pro-3-mois\\\/#breadcrumb\"},\"inLanguage\":\"fr-FR\",\"potentialAction\":[{\"@type\":\"ReadAction\",\"target\":[\"https:\\\/\\\/iptvsmarterspro.info\\\/iptv-france\\\/product\\\/iptv-smarters-pro-3-mois\\\/\"]}]},{\"@type\":\"ImageObject\",\"inLanguage\":\"fr-FR\",\"@id\":\"https:\\\/\\\/iptvsmarterspro.info\\\/iptv-france\\\/product\\\/iptv-smarters-pro-3-mois\\\/#primaryimage\",\"url\":\"https:\\\/\\\/iptvsmarterspro.info\\\/wp-content\\\/uploads\\\/2024\\\/03\\\/smarters-iptv-1-e1655306707274-1.webp\",\"contentUrl\":\"https:\\\/\\\/iptvsmarterspro.info\\\/wp-content\\\/uploads\\\/2024\\\/03\\\/smarters-iptv-1-e1655306707274-1.webp\",\"width\":806,\"height\":827,\"caption\":\"iptv smarters pro\"},{\"@type\":\"BreadcrumbList\",\"@id\":\"https:\\\/\\\/iptvsmarterspro.info\\\/iptv-france\\\/product\\\/iptv-smarters-pro-3-mois\\\/#breadcrumb\",\"itemListElement\":[{\"@type\":\"ListItem\",\"position\":1,\"name\":\"Accueil\",\"item\":\"https:\\\/\\\/iptvsmarterspro.info\\\/iptv-france\\\/\"},{\"@type\":\"ListItem\",\"position\":2,\"name\":\"Shop\",\"item\":\"https:\\\/\\\/iptvsmarterspro.info\\\/iptv-france\\\/shop\\\/\"},{\"@type\":\"ListItem\",\"position\":3,\"name\":\"IPTV Smarters Pro 3 Mois\"}]},{\"@type\":\"WebSite\",\"@id\":\"https:\\\/\\\/iptvsmarterspro.info\\\/iptv-france\\\/#website\",\"url\":\"https:\\\/\\\/iptvsmarterspro.info\\\/iptv-france\\\/\",\"name\":\"IPTV SMARTERS PRO\",\"description\":\"IPTV Smarters\u00ae Site Officiel - Abonnement IPTV Smarters Pro\",\"publisher\":{\"@id\":\"https:\\\/\\\/iptvsmarterspro.info\\\/iptv-france\\\/#organization\"},\"potentialAction\":[{\"@type\":\"SearchAction\",\"target\":{\"@type\":\"EntryPoint\",\"urlTemplate\":\"https:\\\/\\\/iptvsmarterspro.info\\\/iptv-france\\\/?s={search_term_string}\"},\"query-input\":{\"@type\":\"PropertyValueSpecification\",\"valueRequired\":true,\"valueName\":\"search_term_string\"}}],\"inLanguage\":\"fr-FR\"},{\"@type\":\"Organization\",\"@id\":\"https:\\\/\\\/iptvsmarterspro.info\\\/iptv-france\\\/#organization\",\"name\":\"IPTV SMARTERS PRO\",\"url\":\"https:\\\/\\\/iptvsmarterspro.info\\\/iptv-france\\\/\",\"logo\":{\"@type\":\"ImageObject\",\"inLanguage\":\"fr-FR\",\"@id\":\"https:\\\/\\\/iptvsmarterspro.info\\\/iptv-france\\\/#\\\/schema\\\/logo\\\/image\\\/\",\"url\":\"https:\\\/\\\/iptvsmarterspro.info\\\/wp-content\\\/uploads\\\/2024\\\/07\\\/IPTV-Smarters-Pro-Logo.webp\",\"contentUrl\":\"https:\\\/\\\/iptvsmarterspro.info\\\/wp-content\\\/uploads\\\/2024\\\/07\\\/IPTV-Smarters-Pro-Logo.webp\",\"width\":512,\"height\":512,\"caption\":\"IPTV SMARTERS PRO\"},\"image\":{\"@id\":\"https:\\\/\\\/iptvsmarterspro.info\\\/iptv-france\\\/#\\\/schema\\\/logo\\\/image\\\/\"}}]}<\/script>\n<!-- \/ Yoast SEO plugin. -->","yoast_head_json":{"title":"IPTV Smarters Pro 3 Mois - SMARTERS PRO","robots":{"index":"index","follow":"follow","max-snippet":"max-snippet:-1","max-image-preview":"max-image-preview:large","max-video-preview":"max-video-preview:-1"},"canonical":"https:\/\/iptvsmarterspro.info\/iptv-france\/product\/iptv-smarters-pro-3-mois\/","og_locale":"fr_FR","og_type":"article","og_title":"IPTV Smarters Pro 3 Mois - SMARTERS PRO","og_description":"Exp\u00e9dition imm\u00e9diate et rapide au m\u00eame moment de paiement!  7 jours de retours faciles 24\/7 customer service  Live chat support","og_url":"https:\/\/iptvsmarterspro.info\/iptv-france\/product\/iptv-smarters-pro-3-mois\/","og_site_name":"SMARTERS PRO","article_modified_time":"2024-09-26T18:20:38+00:00","og_image":[{"width":806,"height":827,"url":"https:\/\/iptvsmarterspro.info\/wp-content\/uploads\/2024\/03\/smarters-iptv-1-e1655306707274-1.webp","type":"image\/webp"}],"twitter_card":"summary_large_image","twitter_misc":{"Dur\u00e9e de lecture estim\u00e9e":"3 minutes"},"schema":{"@context":"https:\/\/schema.org","@graph":[{"@type":"WebPage","@id":"https:\/\/iptvsmarterspro.info\/iptv-france\/product\/iptv-smarters-pro-3-mois\/","url":"https:\/\/iptvsmarterspro.info\/iptv-france\/product\/iptv-smarters-pro-3-mois\/","name":"IPTV Smarters Pro 3 Mois - SMARTERS PRO","isPartOf":{"@id":"https:\/\/iptvsmarterspro.info\/iptv-france\/#website"},"primaryImageOfPage":{"@id":"https:\/\/iptvsmarterspro.info\/iptv-france\/product\/iptv-smarters-pro-3-mois\/#primaryimage"},"image":{"@id":"https:\/\/iptvsmarterspro.info\/iptv-france\/product\/iptv-smarters-pro-3-mois\/#primaryimage"},"thumbnailUrl":"https:\/\/iptvsmarterspro.info\/wp-content\/uploads\/2024\/03\/smarters-iptv-1-e1655306707274-1.webp","datePublished":"2024-03-14T15:08:27+00:00","dateModified":"2024-09-26T18:20:38+00:00","breadcrumb":{"@id":"https:\/\/iptvsmarterspro.info\/iptv-france\/product\/iptv-smarters-pro-3-mois\/#breadcrumb"},"inLanguage":"fr-FR","potentialAction":[{"@type":"ReadAction","target":["https:\/\/iptvsmarterspro.info\/iptv-france\/product\/iptv-smarters-pro-3-mois\/"]}]},{"@type":"ImageObject","inLanguage":"fr-FR","@id":"https:\/\/iptvsmarterspro.info\/iptv-france\/product\/iptv-smarters-pro-3-mois\/#primaryimage","url":"https:\/\/iptvsmarterspro.info\/wp-content\/uploads\/2024\/03\/smarters-iptv-1-e1655306707274-1.webp","contentUrl":"https:\/\/iptvsmarterspro.info\/wp-content\/uploads\/2024\/03\/smarters-iptv-1-e1655306707274-1.webp","width":806,"height":827,"caption":"iptv smarters pro"},{"@type":"BreadcrumbList","@id":"https:\/\/iptvsmarterspro.info\/iptv-france\/product\/iptv-smarters-pro-3-mois\/#breadcrumb","itemListElement":[{"@type":"ListItem","position":1,"name":"Accueil","item":"https:\/\/iptvsmarterspro.info\/iptv-france\/"},{"@type":"ListItem","position":2,"name":"Shop","item":"https:\/\/iptvsmarterspro.info\/iptv-france\/shop\/"},{"@type":"ListItem","position":3,"name":"IPTV Smarters Pro 3 Mois"}]},{"@type":"WebSite","@id":"https:\/\/iptvsmarterspro.info\/iptv-france\/#website","url":"https:\/\/iptvsmarterspro.info\/iptv-france\/","name":"IPTV SMARTERS PRO","description":"IPTV Smarters\u00ae Site Officiel - Abonnement IPTV Smarters Pro","publisher":{"@id":"https:\/\/iptvsmarterspro.info\/iptv-france\/#organization"},"potentialAction":[{"@type":"SearchAction","target":{"@type":"EntryPoint","urlTemplate":"https:\/\/iptvsmarterspro.info\/iptv-france\/?s={search_term_string}"},"query-input":{"@type":"PropertyValueSpecification","valueRequired":true,"valueName":"search_term_string"}}],"inLanguage":"fr-FR"},{"@type":"Organization","@id":"https:\/\/iptvsmarterspro.info\/iptv-france\/#organization","name":"IPTV SMARTERS PRO","url":"https:\/\/iptvsmarterspro.info\/iptv-france\/","logo":{"@type":"ImageObject","inLanguage":"fr-FR","@id":"https:\/\/iptvsmarterspro.info\/iptv-france\/#\/schema\/logo\/image\/","url":"https:\/\/iptvsmarterspro.info\/wp-content\/uploads\/2024\/07\/IPTV-Smarters-Pro-Logo.webp","contentUrl":"https:\/\/iptvsmarterspro.info\/wp-content\/uploads\/2024\/07\/IPTV-Smarters-Pro-Logo.webp","width":512,"height":512,"caption":"IPTV SMARTERS PRO"},"image":{"@id":"https:\/\/iptvsmarterspro.info\/iptv-france\/#\/schema\/logo\/image\/"}}]}},"_links":{"self":[{"href":"https:\/\/iptvsmarterspro.info\/iptv-france\/wp-json\/wp\/v2\/product\/1420","targetHints":{"allow":["GET"]}}],"collection":[{"href":"https:\/\/iptvsmarterspro.info\/iptv-france\/wp-json\/wp\/v2\/product"}],"about":[{"href":"https:\/\/iptvsmarterspro.info\/iptv-france\/wp-json\/wp\/v2\/types\/product"}],"replies":[{"embeddable":true,"href":"https:\/\/iptvsmarterspro.info\/iptv-france\/wp-json\/wp\/v2\/comments?post=1420"}],"wp:featuredmedia":[{"embeddable":true,"href":"https:\/\/iptvsmarterspro.info\/iptv-france\/wp-json\/wp\/v2\/media\/1409"}],"wp:attachment":[{"href":"https:\/\/iptvsmarterspro.info\/iptv-france\/wp-json\/wp\/v2\/media?parent=1420"}],"wp:term":[{"taxonomy":"product_brand","embeddable":true,"href":"https:\/\/iptvsmarterspro.info\/iptv-france\/wp-json\/wp\/v2\/product_brand?post=1420"},{"taxonomy":"product_cat","embeddable":true,"href":"https:\/\/iptvsmarterspro.info\/iptv-france\/wp-json\/wp\/v2\/product_cat?post=1420"},{"taxonomy":"product_tag","embeddable":true,"href":"https:\/\/iptvsmarterspro.info\/iptv-france\/wp-json\/wp\/v2\/product_tag?post=1420"}],"curies":[{"name":"wp","href":"https:\/\/api.w.org\/{rel}","templated":true}]}}